{"id":44,"date":"2022-01-14T17:25:58","date_gmt":"2022-01-14T16:25:58","guid":{"rendered":"http:\/\/vramkfx.cluster031.hosting.ovh.net\/?page_id=44"},"modified":"2025-09-21T21:32:15","modified_gmt":"2025-09-21T19:32:15","slug":"tarif","status":"publish","type":"page","link":"https:\/\/www.celtictap31.fr\/index.php\/tarif\/","title":{"rendered":"Tarifs"},"content":{"rendered":"\t\t<div data-elementor-type=\"wp-page\" data-elementor-id=\"44\" class=\"elementor elementor-44\">\n\t\t\t\t\t\t<section class=\"elementor-section elementor-top-section elementor-element elementor-element-72ee4419 elementor-section-boxed elementor-section-height-default elementor-section-height-default\" data-id=\"72ee4419\" data-element_type=\"section\" data-e-type=\"section\">\n\t\t\t\t\t\t<div class=\"elementor-container elementor-column-gap-default\">\n\t\t\t\t\t<div class=\"elementor-column elementor-col-100 elementor-top-column elementor-element elementor-element-1a81ad26\" data-id=\"1a81ad26\" data-element_type=\"column\" data-e-type=\"column\">\n\t\t\t<div class=\"elementor-widget-wrap elementor-element-populated\">\n\t\t\t\t\t\t<div class=\"elementor-element elementor-element-5cd46e04 elementor-absolute elementor-widget elementor-widget-text-editor\" data-id=\"5cd46e04\" data-element_type=\"widget\" data-e-type=\"widget\" data-settings=\"{&quot;_position&quot;:&quot;absolute&quot;}\" data-widget_type=\"text-editor.default\">\n\t\t\t\t<div class=\"elementor-widget-container\">\n\t\t\t\t\t\t\t\t\t\n<p>Le lundi, les cours se d\u00e9roulent \u00e0 la maison des association B salle 9 de 18h45 \u00e0 19h45 pour les d\u00e9butants et de 20h \u00e0 21h30 pour les interm\u00e9diaires.<\/p>\n<p>Le mercredi, les cours se d\u00e9roulent \u00e0 la maison des associations B salle 11 de 18h \u00e0 19h pour les enfants et de 19h \u00e0 20h30 pour les d\u00e9monstrateurs.\u00a0<\/p>\n<p>Le samedi, les cours se d\u00e9roulent a l&rsquo;espace Rolbar \u00e0 Colomiers de 10h \u00e0 12h pour tous niveaux .<\/p>\n\n<p>Adh\u00e9sion : 20 euros<\/p>\n\n<p>Forfait \u00e0 l&rsquo;ann\u00e9e : 210 euros<\/p>\n\n<p>Forfait enfants :<\/p>\n\n<p>Adh\u00e9sion : 20 euros<\/p>\n\n<p><mark class=\"has-inline-color has-vivid-red-color\" style=\"background-color: rgba(0, 0, 0, 0);\">Il n&rsquo;y aura pas des cours pendant les vacances scolaires .<\/mark><\/p>\n\t\t\t\t\t\t\t\t<\/div>\n\t\t\t\t<\/div>\n\t\t\t\t\t<\/div>\n\t\t<\/div>\n\t\t\t\t\t<\/div>\n\t\t<\/section>\n\t\t\t\t<\/div>\n\t\t","protected":false},"excerpt":{"rendered":"<p>Le lundi, les cours se d\u00e9roulent \u00e0 la maison des association B salle 9 de 18h45 \u00e0 19h45 pour les d\u00e9butants et de 20h \u00e0 21h30 pour les interm\u00e9diaires. Le mercredi, les cours se d\u00e9roulent \u00e0 la maison des associations B salle 11 de 18h \u00e0 19h pour les enfants et de 19h \u00e0 20h30 pour les d\u00e9monstrateurs.\u00a0 Le samedi, les cours se d\u00e9roulent a l&rsquo;espace Rolbar \u00e0 Colomiers de 10h \u00e0 12h pour tous niveaux . Adh\u00e9sion : 20 euros Forfait \u00e0 l&rsquo;ann\u00e9e : 210 euros Forfait enfants : Adh\u00e9sion : 20 euros Il n&rsquo;y aura pas des cours pendant les vacances scolaires .<\/p>\n","protected":false},"author":1,"featured_media":0,"parent":0,"menu_order":0,"comment_status":"closed","ping_status":"closed","template":"","meta":{"footnotes":""},"class_list":["post-44","page","type-page","status-publish","hentry"],"_links":{"self":[{"href":"https:\/\/www.celtictap31.fr\/index.php\/wp-json\/wp\/v2\/pages\/44","targetHints":{"allow":["GET"]}}],"collection":[{"href":"https:\/\/www.celtictap31.fr\/index.php\/wp-json\/wp\/v2\/pages"}],"about":[{"href":"https:\/\/www.celtictap31.fr\/index.php\/wp-json\/wp\/v2\/types\/page"}],"author":[{"embeddable":true,"href":"https:\/\/www.celtictap31.fr\/index.php\/wp-json\/wp\/v2\/users\/1"}],"replies":[{"embeddable":true,"href":"https:\/\/www.celtictap31.fr\/index.php\/wp-json\/wp\/v2\/comments?post=44"}],"version-history":[{"count":19,"href":"https:\/\/www.celtictap31.fr\/index.php\/wp-json\/wp\/v2\/pages\/44\/revisions"}],"predecessor-version":[{"id":474,"href":"https:\/\/www.celtictap31.fr\/index.php\/wp-json\/wp\/v2\/pages\/44\/revisions\/474"}],"wp:attachment":[{"href":"https:\/\/www.celtictap31.fr\/index.php\/wp-json\/wp\/v2\/media?parent=44"}],"curies":[{"name":"wp","href":"https:\/\/api.w.org\/{rel}","templated":true}]}}