{"id":45,"date":"2022-01-14T17:25:58","date_gmt":"2022-01-14T16:25:58","guid":{"rendered":"http:\/\/vramkfx.cluster031.hosting.ovh.net\/?page_id=45"},"modified":"2022-04-18T16:59:06","modified_gmt":"2022-04-18T14:59:06","slug":"biographie","status":"publish","type":"page","link":"https:\/\/www.celtictap31.fr\/index.php\/biographie\/","title":{"rendered":"Biographie"},"content":{"rendered":"\n<h1 class=\"wp-block-heading\">MICKAEL FLATLEY<\/h1>\n\n\n\n<h3 class=\"wp-block-heading\">Biographie Michael Flatley<\/h3>\n\n\n\n<p>Michael Flatley est un danseur, musicien, directeur, acteur et chor\u00e9graphe am\u00e9ricain d&rsquo;ascendance irlandaise n\u00e9 le 16 juillet 1958 \u00e0 Chicago, Illinois (Etats-Unis).<\/p>\n\n\n\n<p>Jeune, M.Flatley s&rsquo;int\u00e9resse \u00e0 la danse, ce qui le conduit logiquement \u00e0 la boxe car ses camarades d&rsquo;\u00e9coles se moquaient de lui et de son hobby. Il progresse donc parall\u00e8lement en danse et en boxe. Il a \u00e9t\u00e9 danseur principal de la troupe de <em>Riverdance<\/em> mais s&rsquo;en est \u00e9loign\u00e9 \u00e0 la suite de \u00ab\u00a0divergences artistiques\u00a0\u00bb.<\/p>\n\n\n\n<p>Il a ensuite cr\u00e9\u00e9 les quatre troupes de<em> Lord of the Dance<\/em>, dont il est le chor\u00e9graphe et le directeur artistique. Premier Am\u00e9ricain \u00e0 remporter le championnat du monde de danse irlandaise, il est aussi le recordman du monde de vitesse de claquettes, avec 35 pas \u00e0 la seconde. En 1998, il monte le spectacle <em>Feet of Flames<\/em>, o\u00f9 il tient le r\u00f4le principal.<\/p>\n\n\n\n<p>Michael Flatley a ensuite mont\u00e9 le spectacle <em>Celtic Tiger<\/em>, dont la tourn\u00e9e europ\u00e9enne a \u00e9t\u00e9 interrompue suite \u00e0 des probl\u00e8mes de sant\u00e9.<\/p>\n\n\n\n\n\n<figure class=\"wp-block-image\"><img decoding=\"async\" src=\"https:\/\/www.celtictap31.fr\/uploaded\/image\/flatley.jpg\" alt=\"\"\/><\/figure>\n\n\n\n<h1 class=\"wp-block-heading\">BERNADETTE FLYNN<\/h1>\n\n\n\n<p>Bernadette Flynn est une danseuse irlandaise n\u00e9e dans le comt\u00e9 de Tipperary le 1er ao\u00fbt 1979 .<\/p>\n\n\n\n<p> Elle est la danseuse principale de la troupe 1 de <em>L<\/em>ord of the Dance. Ses parents, Andy et Mary, tiennent un pub et un bed &amp; breakfast. Elle a un fr\u00e8re a\u00een\u00e9 et trois s\u0153urs.<\/p>\n\n\n\n<p>Bernadette a commenc\u00e9 la danse irlandaise \u00e0 l&rsquo;\u00e2ge de quatre ans. Tr\u00e8s vite, elle progresse en comp\u00e9tition : elle d\u00e9croche six premi\u00e8res places aux championnats du monde de danse irlandaise et sept premi\u00e8res places aux All-Ireland.<\/p>\n\n\n\n<p>Elle n&rsquo;a que seize ans quand elle obtient le r\u00f4le de Saoirse, qu&rsquo;elle interpr\u00e9tera aux c\u00f4t\u00e9s de Michael Flatley dans <em>Lord of the Dance<\/em> lors de la premi\u00e8re, au Point de Dublin le 2 juillet 1996. Apr\u00e8s la tourn\u00e9e, elle reprend son r\u00f4le \u00e0 l&rsquo;occasion du spectacle <em>Feet of Flames<\/em> (remake de Lord of the Dance) qui aura lieu le 25 juillet 1998 au Hyde Park de Londres devant plus de 25 000 personnes.<\/p>\n\n\n\n<p>En 2000, elle incarne bri\u00e8vement Swan dans la nouvelle version de <em>Feet of Flames<\/em> : <em>Feet of Flames 2000<\/em>. Elle est en tourn\u00e9e avec la troupe originale (troupe 1) du spectacle <em>Lord of the Dance<\/em> jusqu&rsquo;en 2011. En plus d&rsquo;incarner le personnage principal, Bernadette est \u00e9galement dance captain de la troupe : elle entra\u00eene les danseurs pour assurer leur forme physique.<\/p>\n\n\n\n<p>Elle participe en tant que danseuse principale aux remakes de <em>Feet of Flames (Feet of Flames <\/em>2009 \u00e0 Ta\u00efwan, tourn\u00e9e de 2010 puis <em>Feet of Flames<\/em> 2011)<\/p>\n\n\n\n<p>Elle est la compagne du danseur Damien O&rsquo;Kane, lui-m\u00eame danseur original du spectacle, depuis 1997. Apr\u00e8s s&rsquo;\u00eatre fianc\u00e9s en juillet 2003, ils ont c\u00e9l\u00e9br\u00e9 leur mariage le 28 d\u00e9cembre 2005 devant plus de 250 invit\u00e9s \u00e0 la St Mary&rsquo;s Church de Nenagh (ville natale de Bernadette) puis au Dromoland Castle, en Irlande. Ils ouvrent ensemble leur propre \u00e9cole de danse irlandaise dans cette m\u00eame ville (la Flynn O&rsquo;Kane Academy of Dance) en 2011.<\/p>\n\n\n\n<figure class=\"wp-block-image\"><img decoding=\"async\" src=\"https:\/\/www.celtictap31.fr\/uploaded\/image\/flynn.jpg\" alt=\"\"\/><\/figure>\n\n\n\n<h1 class=\"wp-block-heading\">MARCUS MALONEY<\/h1>\n\n\n\n<p>Marcus a commenc\u00e9 la danse \u00e0 cinq ans avec l&rsquo;Ecole de danse irlandaise O&rsquo;Shea \u00e0 Dublin.<\/p>\n\n\n\n<p>Durant sa carri\u00e8re de comp\u00e9titeur, il a remport\u00e9 cinq fois le titre de Leinster, de Grande-Bretagne, et le titre nord-am\u00e9ricain avant de se retirer en 2004, se classant deuxi\u00e8me dans toute l&rsquo;Irlande et aux championnats du Monde. Marcus a obtenu son dipl\u00f4me de professeur de danse irlandaise (TCRG) (Teagascoir Choimisiuin le Rinci Gaelacha &#8211; terme ga\u00e9lique) en 2004.<\/p>\n\n\n\n<p>Il enseigne actuellement et assiste \u00e0 des ateliers dans le monde entier.<\/p>\n\n\n\n<p>Depuis sa sortie du Trinity Coll\u00e8ge de Dublin en 2004 avec un baccalaur\u00e9at sp\u00e9cialis\u00e9 en \u00e9conomie et gestion, Marcus a \u00e9t\u00e9 sur sc\u00e8ne \u00e0 plein temps, se produisant dans les meilleures troupes comme <em>Lord of<\/em> <em>the Dance, Busch Gardens<\/em> et sur plusieurs ann\u00e9es avec <em>Riverdance<\/em>.<\/p>\n\n\n\n<p>En 2010, Marcus \u00e9tait le chor\u00e9graphe et directeur adjoint du Celtic Fyre \u00e0 Busch Gardens Williamsburg, Etats-Unis.<\/p>\n\n\n\n<figure class=\"wp-block-image\"><img decoding=\"async\" src=\"https:\/\/www.celtictap31.fr\/uploaded\/image\/maloney-jpg.jpg\" alt=\"\"\/><\/figure>\n\n\n\n<h1 class=\"wp-block-heading\">DAIRE NOLAN<\/h1>\n\n\n\n<p>Daire Nolan est un danseur de danse irlandaise, qui a tenu le r\u00f4le de Don Dorcha dans la troupe 1 de Lord of the Dance.<\/p>\n\n\n\n<p>Daire est n\u00e9 \u00e0 Limerick (Irlande) le 1er d\u00e9cembre 1968. Ses parents, Tony et Rose, sont professeurs de danse irlandaise et c&rsquo;est sous leur tutelle que Daire commen\u00e7a \u00e0 danser. Il a une s\u0153ur a\u00een\u00e9e et un fr\u00e8re plus jeune, Cian, qui dansera lui aussi professionnellement, tenant le m\u00eame r\u00f4le que son fr\u00e8re, mais dans la troupe 2 (il existe actuellement quatre troupes).<\/p>\n\n\n\n<p>Daire a \u00e0 son palmar\u00e8s, entre autres, deux m\u00e9dailles d&rsquo;or au All-Ireland et deux m\u00e9dailles d&rsquo;or au World Championship (Championnat du monde de danse irlandaise). Il est \u00e9galement parti en tourn\u00e9e avec les Chieftains, mais \u00e0 ce moment, la danse n&rsquo;est encore pour lui qu&rsquo;un hobby. Il ne deviendra professionnel que lorsqu&rsquo;il d\u00e9crochera le r\u00f4le de Don Dorcha aux c\u00f4t\u00e9s de Michael Flatley dans la premi\u00e8re version de <em>Lord of the Dance<\/em>.<\/p>\n\n\n\n<figure class=\"wp-block-image\"><img decoding=\"async\" src=\"https:\/\/www.celtictap31.fr\/uploaded\/image\/nolan-jpg.jpg\" alt=\"\"\/><\/figure>\n\n\n\n<h1 class=\"wp-block-heading\">GILLIAN NORRIS<\/h1>\n\n\n\n<p>Gillian Norris est la danseuse principale de la troupe 1 de <em>Lord of the Dance<\/em> (la troupe compte deux danseuses principales, la premi\u00e8re \u00e9tant Bernadette Flynn).<\/p>\n\n\n\n<p>Gillian est n\u00e9e \u00e0 Kilmacthomas (Comt\u00e9 de Waterford, Irlande), le 29 d\u00e9cembre 1978. Son p\u00e8re est charpentier mais aussi chanteur et accord\u00e9oniste \u00e0 ses heures perdues ; sa m\u00e8re a \u00e9t\u00e9 danseuse dans le pass\u00e9. Gillian est la cadette d&rsquo;une famille de six enfants, elle a trois fr\u00e8res et deux s\u0153urs.<\/p>\n\n\n\n<p>Elle commence la danse irlandaise \u00e0 10 ans \u00e0 la Higgins School of Irish Dance \u00e0 Waterford. Par la suite elle remportera de nombreux prix, notamment la premi\u00e8re place du championnat de Munster, du All-Ireland, du Great Britain National, et une troisi\u00e8me place aux championnats du monde.<\/p>\n\n\n\n<p>Elle a 17 ans quand elle d\u00e9croche le r\u00f4le de Morrighan dans <em>Lord of the Dance<\/em> (1996).<\/p>\n\n\n\n<p>Elle r\u00e9enfile sa robe rouge en 1998 pour Feet Of Flames. Elle conserve alors son r\u00f4le jusqu&rsquo;en mai 2000 dans la Troupe 2, qu&rsquo;elle doit quitter pour raisons familiales. Gillian tente alors de m\u00ealer la danse et le chant. Elle sera la vedette de <em>Ragus<\/em>, spectacle de danse irlandaise \u00e0 petite production.<\/p>\n\n\n\n<p>En 2001, elle reprend ses \u00e9tudes \u00e0 la Beauty Therapy School et ouvre en 2005 un salon de beaut\u00e9 dans sa ville natale.<\/p>\n\n\n\n<figure class=\"wp-block-image\"><img decoding=\"async\" src=\"https:\/\/www.celtictap31.fr\/uploaded\/image\/norris.jpg\" alt=\"\"\/><\/figure>\n","protected":false},"excerpt":{"rendered":"<p>MICKAEL FLATLEY Biographie Michael Flatley Michael Flatley est un danseur, musicien, directeur, acteur et chor\u00e9graphe am\u00e9ricain d&rsquo;ascendance irlandaise n\u00e9 le 16 juillet 1958 \u00e0 Chicago, Illinois (Etats-Unis). Jeune, M.Flatley s&rsquo;int\u00e9resse \u00e0 la danse, ce qui le conduit logiquement \u00e0 la boxe car ses camarades d&rsquo;\u00e9coles se moquaient de lui et de son hobby. Il progresse donc parall\u00e8lement en danse et en boxe. Il a \u00e9t\u00e9 danseur principal de la troupe de Riverdance mais s&rsquo;en est \u00e9loign\u00e9 \u00e0 la suite de \u00ab\u00a0divergences artistiques\u00a0\u00bb. Il a ensuite cr\u00e9\u00e9 les quatre troupes de Lord of the Dance, dont il est le chor\u00e9graphe et le directeur artistique. Premier Am\u00e9ricain \u00e0 remporter le championnat du monde de danse irlandaise, il est aussi le recordman du [&hellip;]<\/p>\n","protected":false},"author":1,"featured_media":0,"parent":0,"menu_order":0,"comment_status":"closed","ping_status":"closed","template":"","meta":{"footnotes":""},"class_list":["post-45","page","type-page","status-publish","hentry"],"_links":{"self":[{"href":"https:\/\/www.celtictap31.fr\/index.php\/wp-json\/wp\/v2\/pages\/45","targetHints":{"allow":["GET"]}}],"collection":[{"href":"https:\/\/www.celtictap31.fr\/index.php\/wp-json\/wp\/v2\/pages"}],"about":[{"href":"https:\/\/www.celtictap31.fr\/index.php\/wp-json\/wp\/v2\/types\/page"}],"author":[{"embeddable":true,"href":"https:\/\/www.celtictap31.fr\/index.php\/wp-json\/wp\/v2\/users\/1"}],"replies":[{"embeddable":true,"href":"https:\/\/www.celtictap31.fr\/index.php\/wp-json\/wp\/v2\/comments?post=45"}],"version-history":[{"count":3,"href":"https:\/\/www.celtictap31.fr\/index.php\/wp-json\/wp\/v2\/pages\/45\/revisions"}],"predecessor-version":[{"id":346,"href":"https:\/\/www.celtictap31.fr\/index.php\/wp-json\/wp\/v2\/pages\/45\/revisions\/346"}],"wp:attachment":[{"href":"https:\/\/www.celtictap31.fr\/index.php\/wp-json\/wp\/v2\/media?parent=45"}],"curies":[{"name":"wp","href":"https:\/\/api.w.org\/{rel}","templated":true}]}}